{"id":26,"date":"2025-02-19T18:27:19","date_gmt":"2025-02-19T18:27:19","guid":{"rendered":"https:\/\/www.msfteh.org\/nursinfor25\/?page_id=26"},"modified":"2025-04-23T17:54:31","modified_gmt":"2025-04-23T17:54:31","slug":"organizers","status":"publish","type":"page","link":"https:\/\/www.msfteh.org\/nursinfor25\/organizers\/","title":{"rendered":"Organizers"},"content":{"rendered":"<h3>Honorary Chairs<\/h3>\n<p>Mme. Houda Akbour, Director, ISPITS Rabat<br \/>\nMr. Hassan SAKHI, Pr\u00e9sident de la Chambre de Commerce, d\u2019Industrie et de Services de la R\u00e9gion de Rabat-Sal\u00e9-K\u00e9nitra (CCIS-RSK)<br \/>\nPr. Mohamed Knidiri, President, UPM<br \/>\nDr. Michele Griffith, President, ISfTeH, USA<br \/>\nPr. Najeeb Al Shorbaji, President, Menahia<br \/>\nDr. Samir Kadar, President, C3M, Belgium<br \/>\nPr. Francesco Sicurello, President, Euromed Association Med Inform &amp; Telemed<\/p>\n<h3>Chairs<\/h3>\n<p>Pr. Nabil Zaid (ISPITS, Rabat)<br \/>\nPr. Hicham Chatoui (ISPITS, Marrakech)<br \/>\nPr. Hassan Ghazal (IRFC, Sal\u00e9)<br \/>\nPr. Nabjib Al Idrissi (UM6SS, Casablanca)<br \/>\nPr. Banacer Himmi (ISPITS, Rabat)<\/p>\n<h3>Organizing Committee<\/h3>\n<h4>Executive Committee of the Organization<\/h4>\n<p>Public Relations &amp; Cooperation Officer: Prof. Asmaa Chaik<br \/>\nReviewing Chairs: Prof. Hayat Sedrati &amp; Prof. Fatima Ouasmani<br \/>\nWebsite manager: Prof. Hayat Sedrati<br \/>\nLogistics Coordinator: Mme. Soumaya Jbara<br \/>\nMedia and Communication Officer: Prof. Mariam Laatifi<br \/>\nSponsorship Officer: Prof. Fatima Ouasmani<br \/>\nHackathon Chair: Prof. Asmaa Chaik<br \/>\nWorkshops Chair: Prof. Najib AlIdrissi, Mme Zakia Boudar<br \/>\nReception &amp; Room Management Officer: Zainab El Ouafi<br \/>\nSocial Activities Coordinator: Prof. Mariam Laatifi<br \/>\nPrinting Officer: Prof. Nabil Zaid<br \/>\nScientific Program Committee: Prof. GHAZAL Hassan, Prof. Pirkko KOURI &amp; Prof. HIMMI Banacer.<\/p>\n<h4>General Committee<\/h4>\n<p>Pr. Salsabil HAMDI<br \/>\nPr. Wajih RHALEM<br \/>\nPr. Fadil BAKKALI<br \/>\nPr. Said BARRIJAL<br \/>\nMme. Sara FADEL<br \/>\nMme. Zineb EL KETTANI<br \/>\nMme. Douae EL GHOUBALI<br \/>\nMme. Salima ZEROUALI<br \/>\nMme Fatima Zahra BIMEGDI<br \/>\nPr. Samia BOUSAA<br \/>\nMr. Younes NOUIRA<br \/>\nMme Hanane NADDARI<br \/>\nMme. Hind BOUATIA<br \/>\nMme. Ilham BENARFA<br \/>\nMr. Imad HAMDAOUI<br \/>\nMr. Ahmed EL IDRISSI<br \/>\nMme. Hayat BOUKANOUCHA<br \/>\nPr. Sofia EL YAHYAOUI<br \/>\nPr. Naoufel Ali ZEGGWAGH<br \/>\nPr. Hasna AHYAYOUCH<br \/>\nPr. Karim FAHSI<br \/>\nPr. Tarik TOUIL<br \/>\nPr Ayoub FILALI<br \/>\nPr. Ali TADLAOUI HBIBI<br \/>\nPr. Abderrahim CHEBAT<br \/>\nPr. Houssni ABID<br \/>\nPr. Lamiyaa BENCHIKHI<\/p>\n","protected":false},"excerpt":{"rendered":"<p>Honorary Chairs Mme. Houda Akbour, Director, ISPITS Rabat Mr. Hassan SAKHI, Pr\u00e9sident de la Chambre de Commerce, d\u2019Industrie et de Services de la R\u00e9gion de Rabat-Sal\u00e9-K\u00e9nitra (CCIS-RSK) Pr. Mohamed Knidiri, President, UPM Dr. Michele Griffith, President, ISfTeH, USA Pr. Najeeb Al Shorbaji, President, Menahia Dr. Samir Kadar, President, C3M, Belgium Pr. Francesco Sicurello, President, Euromed &hellip; <\/p>\n","protected":false},"author":1,"featured_media":0,"parent":0,"menu_order":0,"comment_status":"closed","ping_status":"closed","template":"","meta":{"footnotes":""},"class_list":["post-26","page","type-page","status-publish","hentry"],"_links":{"self":[{"href":"https:\/\/www.msfteh.org\/nursinfor25\/wp-json\/wp\/v2\/pages\/26","targetHints":{"allow":["GET"]}}],"collection":[{"href":"https:\/\/www.msfteh.org\/nursinfor25\/wp-json\/wp\/v2\/pages"}],"about":[{"href":"https:\/\/www.msfteh.org\/nursinfor25\/wp-json\/wp\/v2\/types\/page"}],"author":[{"embeddable":true,"href":"https:\/\/www.msfteh.org\/nursinfor25\/wp-json\/wp\/v2\/users\/1"}],"replies":[{"embeddable":true,"href":"https:\/\/www.msfteh.org\/nursinfor25\/wp-json\/wp\/v2\/comments?post=26"}],"version-history":[{"count":15,"href":"https:\/\/www.msfteh.org\/nursinfor25\/wp-json\/wp\/v2\/pages\/26\/revisions"}],"predecessor-version":[{"id":446,"href":"https:\/\/www.msfteh.org\/nursinfor25\/wp-json\/wp\/v2\/pages\/26\/revisions\/446"}],"wp:attachment":[{"href":"https:\/\/www.msfteh.org\/nursinfor25\/wp-json\/wp\/v2\/media?parent=26"}],"curies":[{"name":"wp","href":"https:\/\/api.w.org\/{rel}","templated":true}]}}